{"id":11063,"date":"2022-06-21T12:03:36","date_gmt":"2022-06-21T10:03:36","guid":{"rendered":"https:\/\/ardescosmetici.com\/prodotto\/gel-scrub\/"},"modified":"2023-06-07T21:21:09","modified_gmt":"2023-06-07T19:21:09","slug":"gel-scrub","status":"publish","type":"product","link":"https:\/\/ardescosmetici.com\/en\/product\/gel-scrub\/","title":{"rendered":"Gel Scrub"},"content":{"rendered":"<p><span data-sheets-value=\"{\"1\":2,\"2\":\"Delicato scrub viso formulato in gel. L\u2019azione esfoliante del prodotto nasce dal binomio tra azione chimica sostenuta dagli alfaidrossiacidi presenti e azione fisica, esercitata da particelle ottenute dallo stelo del bamb\u00f9. L\u2019utilizzo del prodotto permette di rimuovere le cellule morte ridonando luminosit\u00e0 alla pelle affaticata dallo stress e dallo smog. Contemporaneamente, la pelle viene idratata grazie alla presenza di quattro acidi ialuronici a diverso peso molecolare e della bava di lumaca, che svolge anche un\u2019azione protettiva. USO: Applicare direttamente sulla pelle e massaggiare prima di risciacquare. L\u2019 attivit\u00e0 esfoliante \u00e8 modulabile variando tempo di posa e intensit\u00e0 del massaggio \\nAvvertenze: in caso di contatto con gli occhi lavare con acqua. E\u2019 opportuno non eccedere nell\u2019uso di prodotti esfolianti, una pelle troppo sottile \u00e8 pi\u00f9 esposta nei confronti di agenti esterni e UV.\\n\"}\" data-sheets-userformat=\"{\"2\":13187,\"3\":{\"1\":0},\"4\":{\"1\":3,\"3\":5},\"10\":0,\"11\":4,\"12\":0,\"15\":\"Calibri, sans-serif\",\"16\":11}\">&#8211; &#8211; &#8211; &#8211; &#8211; &#8211;<br \/>\n&#8211; &#8211;<br \/>\n<\/span><\/p>\n","protected":false},"excerpt":{"rendered":"<p><span data-sheets-value=\"{\"1\":2,\"2\":\"Delicato scrub viso formulato in gel. L\u2019azione esfoliante del prodotto nasce dal binomio tra azione chimica sostenuta dagli alfaidrossiacidi presenti e azione fisica, esercitata da particelle ottenute dallo stelo del bamb\u00f9. \"}\" data-sheets-userformat=\"{\"2\":13187,\"3\":{\"1\":0},\"4\":{\"1\":3,\"3\":5},\"10\":0,\"11\":4,\"12\":0,\"15\":\"Calibri, sans-serif\",\"16\":11}\">Gentle gel scrub for use on the face. This product has an exfoliating effect thanks to the combination of chemical action sustained by the alpha hydroxy acids present and physical action exerted by particles obtained from bamboo stem. <\/span><\/p>\n","protected":false},"featured_media":10932,"template":"","meta":{"_acf_changed":false},"product_brand":[],"product_cat":[654,652],"product_tag":[686,743],"class_list":{"0":"post-11063","1":"product","2":"type-product","3":"status-publish","4":"has-post-thumbnail","6":"product_cat-facial-cleanser","7":"product_cat-face","8":"product_tag-detergent","9":"product_tag-purifying","10":"macrolinea-herbal","11":"linea-ialurelix-face-care-line","12":"tipo_pelle-combination-skin","13":"tipo_pelle-dry-skin","14":"tipo_pelle-impure-skin","15":"tipo_pelle-oily-skin","16":"principio_attivo-alpha-hydroxy-acids","17":"principio_attivo-bamboo-2","18":"principio_attivo-hyaluronic-acid","19":"principio_attivo-snail-slime","21":"first","22":"instock","23":"shipping-taxable","24":"purchasable","25":"product-type-simple"},"acf":[],"yoast_head":"<!-- This site is optimized with the Yoast SEO plugin v27.6 - https:\/\/yoast.com\/product\/yoast-seo-wordpress\/ -->\n<title>Gel Scrub - Ardes Cosmetici<\/title>\n<meta name=\"robots\" content=\"index, follow, max-snippet:-1, max-image-preview:large, max-video-preview:-1\" \/>\n<link rel=\"canonical\" href=\"https:\/\/ardescosmetici.com\/en\/product\/gel-scrub\/\" \/>\n<meta property=\"og:locale\" content=\"en_US\" \/>\n<meta property=\"og:type\" content=\"article\" \/>\n<meta property=\"og:title\" content=\"Gel Scrub - Ardes Cosmetici\" \/>\n<meta property=\"og:description\" content=\"Gentle gel scrub for use on the face. This product has an exfoliating effect thanks to the combination of chemical action sustained by the alpha hydroxy acids present and physical action exerted by particles obtained from bamboo stem.\" \/>\n<meta property=\"og:url\" content=\"https:\/\/ardescosmetici.com\/en\/product\/gel-scrub\/\" \/>\n<meta property=\"og:site_name\" content=\"Ardes Cosmetici\" \/>\n<meta property=\"article:publisher\" content=\"https:\/\/www.facebook.com\/ardescosmeticiofficial\/\" \/>\n<meta property=\"article:modified_time\" content=\"2023-06-07T19:21:09+00:00\" \/>\n<meta property=\"og:image\" content=\"https:\/\/ardescosmetici.com\/wp-content\/uploads\/2022\/06\/gommage.sc_.png\" \/>\n\t<meta property=\"og:image:width\" content=\"1417\" \/>\n\t<meta property=\"og:image:height\" content=\"1890\" \/>\n\t<meta property=\"og:image:type\" content=\"image\/png\" \/>\n<meta name=\"twitter:card\" content=\"summary_large_image\" \/>\n<script type=\"application\/ld+json\" class=\"yoast-schema-graph\">{\"@context\":\"https:\\\/\\\/schema.org\",\"@graph\":[{\"@type\":\"WebPage\",\"@id\":\"https:\\\/\\\/ardescosmetici.com\\\/en\\\/product\\\/gel-scrub\\\/\",\"url\":\"https:\\\/\\\/ardescosmetici.com\\\/en\\\/product\\\/gel-scrub\\\/\",\"name\":\"Gel Scrub - Ardes Cosmetici\",\"isPartOf\":{\"@id\":\"https:\\\/\\\/ardescosmetici.com\\\/#website\"},\"primaryImageOfPage\":{\"@id\":\"https:\\\/\\\/ardescosmetici.com\\\/en\\\/product\\\/gel-scrub\\\/#primaryimage\"},\"image\":{\"@id\":\"https:\\\/\\\/ardescosmetici.com\\\/en\\\/product\\\/gel-scrub\\\/#primaryimage\"},\"thumbnailUrl\":\"https:\\\/\\\/ardescosmetici.com\\\/wp-content\\\/uploads\\\/2022\\\/06\\\/gommage.sc_.png\",\"datePublished\":\"2022-06-21T10:03:36+00:00\",\"dateModified\":\"2023-06-07T19:21:09+00:00\",\"breadcrumb\":{\"@id\":\"https:\\\/\\\/ardescosmetici.com\\\/en\\\/product\\\/gel-scrub\\\/#breadcrumb\"},\"inLanguage\":\"en-US\",\"potentialAction\":[{\"@type\":\"ReadAction\",\"target\":[\"https:\\\/\\\/ardescosmetici.com\\\/en\\\/product\\\/gel-scrub\\\/\"]}]},{\"@type\":\"ImageObject\",\"inLanguage\":\"en-US\",\"@id\":\"https:\\\/\\\/ardescosmetici.com\\\/en\\\/product\\\/gel-scrub\\\/#primaryimage\",\"url\":\"https:\\\/\\\/ardescosmetici.com\\\/wp-content\\\/uploads\\\/2022\\\/06\\\/gommage.sc_.png\",\"contentUrl\":\"https:\\\/\\\/ardescosmetici.com\\\/wp-content\\\/uploads\\\/2022\\\/06\\\/gommage.sc_.png\",\"width\":1417,\"height\":1890},{\"@type\":\"BreadcrumbList\",\"@id\":\"https:\\\/\\\/ardescosmetici.com\\\/en\\\/product\\\/gel-scrub\\\/#breadcrumb\",\"itemListElement\":[{\"@type\":\"ListItem\",\"position\":1,\"name\":\"Home\",\"item\":\"https:\\\/\\\/ardescosmetici.com\\\/en\\\/\"},{\"@type\":\"ListItem\",\"position\":2,\"name\":\"Shop\",\"item\":\"https:\\\/\\\/ardescosmetici.com\\\/en\\\/shop\\\/\"},{\"@type\":\"ListItem\",\"position\":3,\"name\":\"Viso\",\"item\":\"https:\\\/\\\/ardescosmetici.com\\\/categoria-prodotto\\\/viso\\\/\"},{\"@type\":\"ListItem\",\"position\":4,\"name\":\"Gel Scrub\"}]},{\"@type\":\"WebSite\",\"@id\":\"https:\\\/\\\/ardescosmetici.com\\\/#website\",\"url\":\"https:\\\/\\\/ardescosmetici.com\\\/\",\"name\":\"Ardes Cosmetici\",\"description\":\"\",\"publisher\":{\"@id\":\"https:\\\/\\\/ardescosmetici.com\\\/#organization\"},\"potentialAction\":[{\"@type\":\"SearchAction\",\"target\":{\"@type\":\"EntryPoint\",\"urlTemplate\":\"https:\\\/\\\/ardescosmetici.com\\\/?s={search_term_string}\"},\"query-input\":{\"@type\":\"PropertyValueSpecification\",\"valueRequired\":true,\"valueName\":\"search_term_string\"}}],\"inLanguage\":\"en-US\"},{\"@type\":\"Organization\",\"@id\":\"https:\\\/\\\/ardescosmetici.com\\\/#organization\",\"name\":\"Ardes Cosmetici\",\"url\":\"https:\\\/\\\/ardescosmetici.com\\\/\",\"logo\":{\"@type\":\"ImageObject\",\"inLanguage\":\"en-US\",\"@id\":\"https:\\\/\\\/ardescosmetici.com\\\/#\\\/schema\\\/logo\\\/image\\\/\",\"url\":\"https:\\\/\\\/ardescosmetici.com\\\/wp-content\\\/uploads\\\/2021\\\/02\\\/logo-ardes-cosmetici.svg\",\"contentUrl\":\"https:\\\/\\\/ardescosmetici.com\\\/wp-content\\\/uploads\\\/2021\\\/02\\\/logo-ardes-cosmetici.svg\",\"width\":1,\"height\":1,\"caption\":\"Ardes Cosmetici\"},\"image\":{\"@id\":\"https:\\\/\\\/ardescosmetici.com\\\/#\\\/schema\\\/logo\\\/image\\\/\"},\"sameAs\":[\"https:\\\/\\\/www.facebook.com\\\/ardescosmeticiofficial\\\/\",\"https:\\\/\\\/www.instagram.com\\\/ardescosmeticiofficial\\\/\",\"https:\\\/\\\/www.youtube.com\\\/user\\\/ardescosmetici\"]}]}<\/script>\n<!-- \/ Yoast SEO plugin. -->","yoast_head_json":{"title":"Gel Scrub - Ardes Cosmetici","robots":{"index":"index","follow":"follow","max-snippet":"max-snippet:-1","max-image-preview":"max-image-preview:large","max-video-preview":"max-video-preview:-1"},"canonical":"https:\/\/ardescosmetici.com\/en\/product\/gel-scrub\/","og_locale":"en_US","og_type":"article","og_title":"Gel Scrub - Ardes Cosmetici","og_description":"Gentle gel scrub for use on the face. This product has an exfoliating effect thanks to the combination of chemical action sustained by the alpha hydroxy acids present and physical action exerted by particles obtained from bamboo stem.","og_url":"https:\/\/ardescosmetici.com\/en\/product\/gel-scrub\/","og_site_name":"Ardes Cosmetici","article_publisher":"https:\/\/www.facebook.com\/ardescosmeticiofficial\/","article_modified_time":"2023-06-07T19:21:09+00:00","og_image":[{"width":1417,"height":1890,"url":"https:\/\/ardescosmetici.com\/wp-content\/uploads\/2022\/06\/gommage.sc_.png","type":"image\/png"}],"twitter_card":"summary_large_image","schema":{"@context":"https:\/\/schema.org","@graph":[{"@type":"WebPage","@id":"https:\/\/ardescosmetici.com\/en\/product\/gel-scrub\/","url":"https:\/\/ardescosmetici.com\/en\/product\/gel-scrub\/","name":"Gel Scrub - Ardes Cosmetici","isPartOf":{"@id":"https:\/\/ardescosmetici.com\/#website"},"primaryImageOfPage":{"@id":"https:\/\/ardescosmetici.com\/en\/product\/gel-scrub\/#primaryimage"},"image":{"@id":"https:\/\/ardescosmetici.com\/en\/product\/gel-scrub\/#primaryimage"},"thumbnailUrl":"https:\/\/ardescosmetici.com\/wp-content\/uploads\/2022\/06\/gommage.sc_.png","datePublished":"2022-06-21T10:03:36+00:00","dateModified":"2023-06-07T19:21:09+00:00","breadcrumb":{"@id":"https:\/\/ardescosmetici.com\/en\/product\/gel-scrub\/#breadcrumb"},"inLanguage":"en-US","potentialAction":[{"@type":"ReadAction","target":["https:\/\/ardescosmetici.com\/en\/product\/gel-scrub\/"]}]},{"@type":"ImageObject","inLanguage":"en-US","@id":"https:\/\/ardescosmetici.com\/en\/product\/gel-scrub\/#primaryimage","url":"https:\/\/ardescosmetici.com\/wp-content\/uploads\/2022\/06\/gommage.sc_.png","contentUrl":"https:\/\/ardescosmetici.com\/wp-content\/uploads\/2022\/06\/gommage.sc_.png","width":1417,"height":1890},{"@type":"BreadcrumbList","@id":"https:\/\/ardescosmetici.com\/en\/product\/gel-scrub\/#breadcrumb","itemListElement":[{"@type":"ListItem","position":1,"name":"Home","item":"https:\/\/ardescosmetici.com\/en\/"},{"@type":"ListItem","position":2,"name":"Shop","item":"https:\/\/ardescosmetici.com\/en\/shop\/"},{"@type":"ListItem","position":3,"name":"Viso","item":"https:\/\/ardescosmetici.com\/categoria-prodotto\/viso\/"},{"@type":"ListItem","position":4,"name":"Gel Scrub"}]},{"@type":"WebSite","@id":"https:\/\/ardescosmetici.com\/#website","url":"https:\/\/ardescosmetici.com\/","name":"Ardes Cosmetici","description":"","publisher":{"@id":"https:\/\/ardescosmetici.com\/#organization"},"potentialAction":[{"@type":"SearchAction","target":{"@type":"EntryPoint","urlTemplate":"https:\/\/ardescosmetici.com\/?s={search_term_string}"},"query-input":{"@type":"PropertyValueSpecification","valueRequired":true,"valueName":"search_term_string"}}],"inLanguage":"en-US"},{"@type":"Organization","@id":"https:\/\/ardescosmetici.com\/#organization","name":"Ardes Cosmetici","url":"https:\/\/ardescosmetici.com\/","logo":{"@type":"ImageObject","inLanguage":"en-US","@id":"https:\/\/ardescosmetici.com\/#\/schema\/logo\/image\/","url":"https:\/\/ardescosmetici.com\/wp-content\/uploads\/2021\/02\/logo-ardes-cosmetici.svg","contentUrl":"https:\/\/ardescosmetici.com\/wp-content\/uploads\/2021\/02\/logo-ardes-cosmetici.svg","width":1,"height":1,"caption":"Ardes Cosmetici"},"image":{"@id":"https:\/\/ardescosmetici.com\/#\/schema\/logo\/image\/"},"sameAs":["https:\/\/www.facebook.com\/ardescosmeticiofficial\/","https:\/\/www.instagram.com\/ardescosmeticiofficial\/","https:\/\/www.youtube.com\/user\/ardescosmetici"]}]}},"_links":{"self":[{"href":"https:\/\/ardescosmetici.com\/en\/wp-json\/wp\/v2\/product\/11063","targetHints":{"allow":["GET"]}}],"collection":[{"href":"https:\/\/ardescosmetici.com\/en\/wp-json\/wp\/v2\/product"}],"about":[{"href":"https:\/\/ardescosmetici.com\/en\/wp-json\/wp\/v2\/types\/product"}],"wp:featuredmedia":[{"embeddable":true,"href":"https:\/\/ardescosmetici.com\/en\/wp-json\/wp\/v2\/media\/10932"}],"wp:attachment":[{"href":"https:\/\/ardescosmetici.com\/en\/wp-json\/wp\/v2\/media?parent=11063"}],"wp:term":[{"taxonomy":"product_brand","embeddable":true,"href":"https:\/\/ardescosmetici.com\/en\/wp-json\/wp\/v2\/product_brand?post=11063"},{"taxonomy":"product_cat","embeddable":true,"href":"https:\/\/ardescosmetici.com\/en\/wp-json\/wp\/v2\/product_cat?post=11063"},{"taxonomy":"product_tag","embeddable":true,"href":"https:\/\/ardescosmetici.com\/en\/wp-json\/wp\/v2\/product_tag?post=11063"}],"curies":[{"name":"wp","href":"https:\/\/api.w.org\/{rel}","templated":true}]}}